{"id":1332,"date":"2025-04-15T18:20:44","date_gmt":"2025-04-15T18:20:44","guid":{"rendered":"https:\/\/aprecisa.com\/goa\/about-us\/"},"modified":"2025-04-26T11:44:11","modified_gmt":"2025-04-26T11:44:11","slug":"about-us","status":"publish","type":"page","link":"https:\/\/aprecisa.com\/goa\/about-us\/","title":{"rendered":"Sobre N\u00f3s"},"content":{"rendered":"\n<div class=\"wp-block-uagb-container uagb-block-b9cc7a1c alignfull uagb-is-root-container\"><div class=\"uagb-container-inner-blocks-wrap\">\n<div class=\"wp-block-uagb-advanced-heading uagb-block-0ae51710\"><h1 class=\"uagb-heading-text\">Sobre N\u00f3s<\/h1><\/div>\n<\/div><\/div>\n\n\n\n<div class=\"wp-block-uagb-container uagb-block-5f7f6f03 alignfull uagb-is-root-container\"><div class=\"uagb-container-inner-blocks-wrap\">\n<div class=\"wp-block-uagb-image alignleft uagb-block-6c4d1c39 wp-block-uagb-image--layout-default wp-block-uagb-image--effect-static wp-block-uagb-image--align-left\"><figure class=\"wp-block-uagb-image__figure\"><img decoding=\"async\" srcset=\"https:\/\/aprecisa.com\/goa\/wp-content\/uploads\/2025\/04\/20250426-GOA-Florescer--768x1024.jpeg ,https:\/\/aprecisa.com\/goa\/wp-content\/uploads\/2025\/04\/20250426-GOA-Florescer-.jpeg 780w, https:\/\/aprecisa.com\/goa\/wp-content\/uploads\/2025\/04\/20250426-GOA-Florescer-.jpeg 360w\" sizes=\"auto, (max-width: 480px) 150px\" src=\"https:\/\/aprecisa.com\/goa\/wp-content\/uploads\/2025\/04\/20250426-GOA-Florescer--768x1024.jpeg\" alt=\"\" class=\"uag-image-1523\" width=\"320\" height=\"450\" title=\"20250426 - GOA - Florescer\" loading=\"lazy\" role=\"img\"\/><\/figure><\/div>\n\n\n\n<div class=\"wp-block-uagb-container uagb-block-2cc2bc76\">\n<div class=\"wp-block-uagb-advanced-heading uagb-block-12fcb048\"><h2 class=\"uagb-heading-text\">O Blog da Gr\u00e3 Ordem Afonsina<\/h2><p class=\"uagb-desc-text\">Com um profundo conhecimento da cultura, das tradi\u00e7\u00f5es e da hist\u00f3ria de Portugal, a Gr\u00e3 Ordem Afonsina \u00e9 alimentada pela paix\u00e3o de nossos autores. A nossa equipa de Associados e entusiastas oferece uma perspetiva \u00fanica e informativa sobre temas sobre a vida e obra do nosso primeiro portugu\u00eas.<\/p><\/div>\n\n\n\n<div class=\"wp-block-uagb-advanced-heading uagb-block-04903cec\"><p class=\"uagb-desc-text\">A nossa equipa \u00e9 composta por especialistas dedicados, cada um trazendo uma vasta experi\u00eancia em pesquisa \u00e0 escrita. Juntos, trabalhamos para criar conte\u00fado envolvente que educa e inspira nossos leitores na Portugalidade.<\/p><\/div>\n<\/div>\n<\/div><\/div>\n\n\n\n<div class=\"wp-block-uagb-container uagb-block-0f99c3d5 alignfull uagb-is-root-container\"><div class=\"uagb-container-inner-blocks-wrap\">\n<div class=\"wp-block-uagb-advanced-heading uagb-block-d80d1198\"><div class=\"uagb-heading-text\">O Que Nos Torna \u00danicos<\/div><\/div>\n\n\n\n<div class=\"wp-block-uagb-advanced-heading uagb-block-6bcebb04\"><h2 class=\"uagb-heading-text\">O Que Nos Destaca<\/h2><\/div>\n\n\n\n<div class=\"wp-block-uagb-container uagb-block-493f6ce1\">\n<div class=\"wp-block-uagb-container uagb-block-c0da353d\">\n<div class=\"wp-block-uagb-advanced-heading uagb-block-94acea8d\"><div class=\"uagb-heading-text\">01.<\/div><\/div>\n\n\n\n<div class=\"wp-block-uagb-advanced-heading uagb-block-cdc0f1b9\"><h3 class=\"uagb-heading-text\">Compromisso com a Qualidade<\/h3><p class=\"uagb-desc-text\">Artigos bem pesquisados que trazem mostram a vida portuguesa.<\/p><\/div>\n<\/div>\n\n\n\n<div class=\"wp-block-uagb-container uagb-block-a44f5268\">\n<div class=\"wp-block-uagb-advanced-heading uagb-block-3acd47ef\"><div class=\"uagb-heading-text\">02.<\/div><\/div>\n\n\n\n<div class=\"wp-block-uagb-advanced-heading uagb-block-fd65736d\"><h3 class=\"uagb-heading-text\">Aproxima\u00e7\u00e3o Cultural Acess\u00edvel<\/h3><p class=\"uagb-desc-text\">Conte\u00fados acess\u00edveis e envolventes que educam.<\/p><\/div>\n<\/div>\n\n\n\n<div class=\"wp-block-uagb-container uagb-block-b3c03ce4\">\n<div class=\"wp-block-uagb-advanced-heading uagb-block-c5d4336e\"><div class=\"uagb-heading-text\">03.<\/div><\/div>\n\n\n\n<div class=\"wp-block-uagb-advanced-heading uagb-block-3d3e70a3\"><h3 class=\"uagb-heading-text\">Compromisso da Comunidade<\/h3><p class=\"uagb-desc-text\">Uma comunidade dedicada e apaixonada por partilhar e preservar a cultura de Portugal.<\/p><\/div>\n<\/div>\n<\/div>\n<\/div><\/div>\n\n\n\n<div class=\"wp-block-uagb-container uagb-block-43f78ea6 alignfull uagb-is-root-container\"><div class=\"uagb-container-inner-blocks-wrap\">\n<div class=\"wp-block-uagb-info-box uagb-block-52cbc377 uagb-infobox__content-wrap  uagb-infobox-icon-above-title uagb-infobox-image-valign-top\"><div class=\"uagb-ifb-content\"><div class=\"uagb-ifb-title-wrap\"><h2 class=\"uagb-ifb-title\">Junte-se a N\u00f3s<\/h2><\/div><p class=\"uagb-ifb-desc\">Descubra a nossa Portugalidade, participe na nossa comunidade dos associados da Gr\u00e3 Ordem Afonsina.<\/p><\/div><\/div>\n\n\n\n<div class=\"wp-block-uagb-buttons uagb-buttons__outer-wrap uagb-btn__default-btn uagb-btn-tablet__default-btn uagb-btn-mobile__default-btn uagb-block-f4d2bfe9\"><div class=\"uagb-buttons__wrap uagb-buttons-layout-wrap \">\n<div class=\"wp-block-uagb-buttons-child uagb-buttons__outer-wrap uagb-block-1b3b52ed wp-block-button\"><div class=\"uagb-button__wrapper\"><a class=\"uagb-buttons-repeater wp-block-button__link\" aria-label=\"\" href=\"https:\/\/aprecisa.com\/goa\/contact-us\/\" rel=\"follow noopener\" target=\"_self\" role=\"button\"><div class=\"uagb-button__link\">Saiba Mais<\/div><\/a><\/div><\/div>\n<\/div><\/div>\n<\/div><\/div>\n","protected":false},"excerpt":{"rendered":"<p>Sobre N\u00f3s O Blog da Gr\u00e3 Ordem Afonsina Com um profundo conhecimento da cultura, das tradi\u00e7\u00f5es e da hist\u00f3ria de [&hellip;]<\/p>\n","protected":false},"author":1,"featured_media":0,"parent":0,"menu_order":0,"comment_status":"closed","ping_status":"closed","template":"","meta":{"_uag_custom_page_level_css":"","site-sidebar-layout":"default","site-content-layout":"","ast-site-content-layout":"default","site-content-style":"default","site-sidebar-style":"default","ast-global-header-display":"","ast-banner-title-visibility":"","ast-main-header-display":"","ast-hfb-above-header-display":"","ast-hfb-below-header-display":"","ast-hfb-mobile-header-display":"","site-post-title":"disabled","ast-breadcrumbs-content":"","ast-featured-img":"","footer-sml-layout":"","ast-disable-related-posts":"","theme-transparent-header-meta":"","adv-header-id-meta":"","stick-header-meta":"","header-above-stick-meta":"","header-main-stick-meta":"","header-below-stick-meta":"","astra-migrate-meta-layouts":"set","ast-page-background-enabled":"default","ast-page-background-meta":{"desktop":{"background-color":"var(--ast-global-color-4)","background-image":"","background-repeat":"repeat","background-position":"center center","background-size":"auto","background-attachment":"scroll","background-type":"","background-media":"","overlay-type":"","overlay-color":"","overlay-opacity":"","overlay-gradient":""},"tablet":{"background-color":"","background-image":"","background-repeat":"repeat","background-position":"center center","background-size":"auto","background-attachment":"scroll","background-type":"","background-media":"","overlay-type":"","overlay-color":"","overlay-opacity":"","overlay-gradient":""},"mobile":{"background-color":"","background-image":"","background-repeat":"repeat","background-position":"center center","background-size":"auto","background-attachment":"scroll","background-type":"","background-media":"","overlay-type":"","overlay-color":"","overlay-opacity":"","overlay-gradient":""}},"ast-content-background-meta":{"desktop":{"background-color":"var(--ast-global-color-5)","background-image":"","background-repeat":"repeat","background-position":"center center","background-size":"auto","background-attachment":"scroll","background-type":"","background-media":"","overlay-type":"","overlay-color":"","overlay-opacity":"","overlay-gradient":""},"tablet":{"background-color":"var(--ast-global-color-5)","background-image":"","background-repeat":"repeat","background-position":"center center","background-size":"auto","background-attachment":"scroll","background-type":"","background-media":"","overlay-type":"","overlay-color":"","overlay-opacity":"","overlay-gradient":""},"mobile":{"background-color":"var(--ast-global-color-5)","background-image":"","background-repeat":"repeat","background-position":"center center","background-size":"auto","background-attachment":"scroll","background-type":"","background-media":"","overlay-type":"","overlay-color":"","overlay-opacity":"","overlay-gradient":""}},"footnotes":""},"class_list":["post-1332","page","type-page","status-publish","hentry"],"yoast_head":"<!-- This site is optimized with the Yoast SEO plugin v27.6 - https:\/\/yoast.com\/product\/yoast-seo-wordpress\/ -->\n<title>Sobre N\u00f3s - Associa\u00e7\u00e3o Gr\u00e3 Ordem Afonsina<\/title>\n<meta name=\"robots\" content=\"index, follow, max-snippet:-1, max-image-preview:large, max-video-preview:-1\" \/>\n<link rel=\"canonical\" href=\"https:\/\/aprecisa.com\/goa\/about-us\/\" \/>\n<meta property=\"og:locale\" content=\"pt_PT\" \/>\n<meta property=\"og:type\" content=\"article\" \/>\n<meta property=\"og:title\" content=\"Sobre N\u00f3s - Associa\u00e7\u00e3o Gr\u00e3 Ordem Afonsina\" \/>\n<meta property=\"og:description\" content=\"Sobre N\u00f3s O Blog da Gr\u00e3 Ordem Afonsina Com um profundo conhecimento da cultura, das tradi\u00e7\u00f5es e da hist\u00f3ria de [&hellip;]\" \/>\n<meta property=\"og:url\" content=\"https:\/\/aprecisa.com\/goa\/about-us\/\" \/>\n<meta property=\"og:site_name\" content=\"Associa\u00e7\u00e3o Gr\u00e3 Ordem Afonsina\" \/>\n<meta property=\"article:modified_time\" content=\"2025-04-26T11:44:11+00:00\" \/>\n<meta property=\"og:image\" content=\"https:\/\/aprecisa.com\/goa\/wp-content\/uploads\/2025\/04\/20250426-GOA-Florescer--768x1024.jpeg\" \/>\n<meta name=\"twitter:card\" content=\"summary_large_image\" \/>\n<meta name=\"twitter:label1\" content=\"Tempo estimado de leitura\" \/>\n\t<meta name=\"twitter:data1\" content=\"1 minuto\" \/>\n<script type=\"application\/ld+json\" class=\"yoast-schema-graph\">{\"@context\":\"https:\\\/\\\/schema.org\",\"@graph\":[{\"@type\":\"WebPage\",\"@id\":\"https:\\\/\\\/aprecisa.com\\\/goa\\\/about-us\\\/\",\"url\":\"https:\\\/\\\/aprecisa.com\\\/goa\\\/about-us\\\/\",\"name\":\"Sobre N\u00f3s - Associa\u00e7\u00e3o Gr\u00e3 Ordem Afonsina\",\"isPartOf\":{\"@id\":\"https:\\\/\\\/aprecisa.com\\\/goa\\\/#website\"},\"primaryImageOfPage\":{\"@id\":\"https:\\\/\\\/aprecisa.com\\\/goa\\\/about-us\\\/#primaryimage\"},\"image\":{\"@id\":\"https:\\\/\\\/aprecisa.com\\\/goa\\\/about-us\\\/#primaryimage\"},\"thumbnailUrl\":\"https:\\\/\\\/aprecisa.com\\\/goa\\\/wp-content\\\/uploads\\\/2025\\\/04\\\/20250426-GOA-Florescer--768x1024.jpeg\",\"datePublished\":\"2025-04-15T18:20:44+00:00\",\"dateModified\":\"2025-04-26T11:44:11+00:00\",\"breadcrumb\":{\"@id\":\"https:\\\/\\\/aprecisa.com\\\/goa\\\/about-us\\\/#breadcrumb\"},\"inLanguage\":\"pt-PT\",\"potentialAction\":[{\"@type\":\"ReadAction\",\"target\":[\"https:\\\/\\\/aprecisa.com\\\/goa\\\/about-us\\\/\"]}]},{\"@type\":\"ImageObject\",\"inLanguage\":\"pt-PT\",\"@id\":\"https:\\\/\\\/aprecisa.com\\\/goa\\\/about-us\\\/#primaryimage\",\"url\":\"https:\\\/\\\/aprecisa.com\\\/goa\\\/wp-content\\\/uploads\\\/2025\\\/04\\\/20250426-GOA-Florescer--768x1024.jpeg\",\"contentUrl\":\"https:\\\/\\\/aprecisa.com\\\/goa\\\/wp-content\\\/uploads\\\/2025\\\/04\\\/20250426-GOA-Florescer--768x1024.jpeg\"},{\"@type\":\"BreadcrumbList\",\"@id\":\"https:\\\/\\\/aprecisa.com\\\/goa\\\/about-us\\\/#breadcrumb\",\"itemListElement\":[{\"@type\":\"ListItem\",\"position\":1,\"name\":\"Home\",\"item\":\"https:\\\/\\\/aprecisa.com\\\/goa\\\/\"},{\"@type\":\"ListItem\",\"position\":2,\"name\":\"Sobre N\u00f3s\"}]},{\"@type\":\"WebSite\",\"@id\":\"https:\\\/\\\/aprecisa.com\\\/goa\\\/#website\",\"url\":\"https:\\\/\\\/aprecisa.com\\\/goa\\\/\",\"name\":\"Associa\u00e7\u00e3o Gr\u00e3 Ordem Afonsina\",\"description\":\"Associa\u00e7\u00e3o Gr\u00e3 Ordem Afonsina\",\"publisher\":{\"@id\":\"https:\\\/\\\/aprecisa.com\\\/goa\\\/#organization\"},\"potentialAction\":[{\"@type\":\"SearchAction\",\"target\":{\"@type\":\"EntryPoint\",\"urlTemplate\":\"https:\\\/\\\/aprecisa.com\\\/goa\\\/?s={search_term_string}\"},\"query-input\":{\"@type\":\"PropertyValueSpecification\",\"valueRequired\":true,\"valueName\":\"search_term_string\"}}],\"inLanguage\":\"pt-PT\"},{\"@type\":\"Organization\",\"@id\":\"https:\\\/\\\/aprecisa.com\\\/goa\\\/#organization\",\"name\":\"Associa\u00e7\u00e3o Gr\u00e3 Ordem Afonsina\",\"url\":\"https:\\\/\\\/aprecisa.com\\\/goa\\\/\",\"logo\":{\"@type\":\"ImageObject\",\"inLanguage\":\"pt-PT\",\"@id\":\"https:\\\/\\\/aprecisa.com\\\/goa\\\/#\\\/schema\\\/logo\\\/image\\\/\",\"url\":\"https:\\\/\\\/aprecisa.com\\\/goa\\\/wp-content\\\/uploads\\\/2025\\\/05\\\/cropped-20250509-Logotipo-GOA.png\",\"contentUrl\":\"https:\\\/\\\/aprecisa.com\\\/goa\\\/wp-content\\\/uploads\\\/2025\\\/05\\\/cropped-20250509-Logotipo-GOA.png\",\"width\":123,\"height\":137,\"caption\":\"Associa\u00e7\u00e3o Gr\u00e3 Ordem Afonsina\"},\"image\":{\"@id\":\"https:\\\/\\\/aprecisa.com\\\/goa\\\/#\\\/schema\\\/logo\\\/image\\\/\"}}]}<\/script>\n<!-- \/ Yoast SEO plugin. -->","yoast_head_json":{"title":"Sobre N\u00f3s - Associa\u00e7\u00e3o Gr\u00e3 Ordem Afonsina","robots":{"index":"index","follow":"follow","max-snippet":"max-snippet:-1","max-image-preview":"max-image-preview:large","max-video-preview":"max-video-preview:-1"},"canonical":"https:\/\/aprecisa.com\/goa\/about-us\/","og_locale":"pt_PT","og_type":"article","og_title":"Sobre N\u00f3s - Associa\u00e7\u00e3o Gr\u00e3 Ordem Afonsina","og_description":"Sobre N\u00f3s O Blog da Gr\u00e3 Ordem Afonsina Com um profundo conhecimento da cultura, das tradi\u00e7\u00f5es e da hist\u00f3ria de [&hellip;]","og_url":"https:\/\/aprecisa.com\/goa\/about-us\/","og_site_name":"Associa\u00e7\u00e3o Gr\u00e3 Ordem Afonsina","article_modified_time":"2025-04-26T11:44:11+00:00","og_image":[{"url":"https:\/\/aprecisa.com\/goa\/wp-content\/uploads\/2025\/04\/20250426-GOA-Florescer--768x1024.jpeg","type":"","width":"","height":""}],"twitter_card":"summary_large_image","twitter_misc":{"Tempo estimado de leitura":"1 minuto"},"schema":{"@context":"https:\/\/schema.org","@graph":[{"@type":"WebPage","@id":"https:\/\/aprecisa.com\/goa\/about-us\/","url":"https:\/\/aprecisa.com\/goa\/about-us\/","name":"Sobre N\u00f3s - Associa\u00e7\u00e3o Gr\u00e3 Ordem Afonsina","isPartOf":{"@id":"https:\/\/aprecisa.com\/goa\/#website"},"primaryImageOfPage":{"@id":"https:\/\/aprecisa.com\/goa\/about-us\/#primaryimage"},"image":{"@id":"https:\/\/aprecisa.com\/goa\/about-us\/#primaryimage"},"thumbnailUrl":"https:\/\/aprecisa.com\/goa\/wp-content\/uploads\/2025\/04\/20250426-GOA-Florescer--768x1024.jpeg","datePublished":"2025-04-15T18:20:44+00:00","dateModified":"2025-04-26T11:44:11+00:00","breadcrumb":{"@id":"https:\/\/aprecisa.com\/goa\/about-us\/#breadcrumb"},"inLanguage":"pt-PT","potentialAction":[{"@type":"ReadAction","target":["https:\/\/aprecisa.com\/goa\/about-us\/"]}]},{"@type":"ImageObject","inLanguage":"pt-PT","@id":"https:\/\/aprecisa.com\/goa\/about-us\/#primaryimage","url":"https:\/\/aprecisa.com\/goa\/wp-content\/uploads\/2025\/04\/20250426-GOA-Florescer--768x1024.jpeg","contentUrl":"https:\/\/aprecisa.com\/goa\/wp-content\/uploads\/2025\/04\/20250426-GOA-Florescer--768x1024.jpeg"},{"@type":"BreadcrumbList","@id":"https:\/\/aprecisa.com\/goa\/about-us\/#breadcrumb","itemListElement":[{"@type":"ListItem","position":1,"name":"Home","item":"https:\/\/aprecisa.com\/goa\/"},{"@type":"ListItem","position":2,"name":"Sobre N\u00f3s"}]},{"@type":"WebSite","@id":"https:\/\/aprecisa.com\/goa\/#website","url":"https:\/\/aprecisa.com\/goa\/","name":"Associa\u00e7\u00e3o Gr\u00e3 Ordem Afonsina","description":"Associa\u00e7\u00e3o Gr\u00e3 Ordem Afonsina","publisher":{"@id":"https:\/\/aprecisa.com\/goa\/#organization"},"potentialAction":[{"@type":"SearchAction","target":{"@type":"EntryPoint","urlTemplate":"https:\/\/aprecisa.com\/goa\/?s={search_term_string}"},"query-input":{"@type":"PropertyValueSpecification","valueRequired":true,"valueName":"search_term_string"}}],"inLanguage":"pt-PT"},{"@type":"Organization","@id":"https:\/\/aprecisa.com\/goa\/#organization","name":"Associa\u00e7\u00e3o Gr\u00e3 Ordem Afonsina","url":"https:\/\/aprecisa.com\/goa\/","logo":{"@type":"ImageObject","inLanguage":"pt-PT","@id":"https:\/\/aprecisa.com\/goa\/#\/schema\/logo\/image\/","url":"https:\/\/aprecisa.com\/goa\/wp-content\/uploads\/2025\/05\/cropped-20250509-Logotipo-GOA.png","contentUrl":"https:\/\/aprecisa.com\/goa\/wp-content\/uploads\/2025\/05\/cropped-20250509-Logotipo-GOA.png","width":123,"height":137,"caption":"Associa\u00e7\u00e3o Gr\u00e3 Ordem Afonsina"},"image":{"@id":"https:\/\/aprecisa.com\/goa\/#\/schema\/logo\/image\/"}}]}},"uagb_featured_image_src":{"full":false,"thumbnail":false,"medium":false,"medium_large":false,"large":false,"1536x1536":false,"2048x2048":false},"uagb_author_info":{"display_name":"admin","author_link":"https:\/\/aprecisa.com\/goa\/author\/admin\/"},"uagb_comment_info":0,"uagb_excerpt":"Sobre N\u00f3s O Blog da Gr\u00e3 Ordem Afonsina Com um profundo conhecimento da cultura, das tradi\u00e7\u00f5es e da hist\u00f3ria de [&hellip;]","jetpack_sharing_enabled":true,"_links":{"self":[{"href":"https:\/\/aprecisa.com\/goa\/wp-json\/wp\/v2\/pages\/1332","targetHints":{"allow":["GET"]}}],"collection":[{"href":"https:\/\/aprecisa.com\/goa\/wp-json\/wp\/v2\/pages"}],"about":[{"href":"https:\/\/aprecisa.com\/goa\/wp-json\/wp\/v2\/types\/page"}],"author":[{"embeddable":true,"href":"https:\/\/aprecisa.com\/goa\/wp-json\/wp\/v2\/users\/1"}],"replies":[{"embeddable":true,"href":"https:\/\/aprecisa.com\/goa\/wp-json\/wp\/v2\/comments?post=1332"}],"version-history":[{"count":8,"href":"https:\/\/aprecisa.com\/goa\/wp-json\/wp\/v2\/pages\/1332\/revisions"}],"predecessor-version":[{"id":1526,"href":"https:\/\/aprecisa.com\/goa\/wp-json\/wp\/v2\/pages\/1332\/revisions\/1526"}],"wp:attachment":[{"href":"https:\/\/aprecisa.com\/goa\/wp-json\/wp\/v2\/media?parent=1332"}],"curies":[{"name":"wp","href":"https:\/\/api.w.org\/{rel}","templated":true}]}}