{"id":1333,"date":"2025-04-15T18:20:44","date_gmt":"2025-04-15T18:20:44","guid":{"rendered":"https:\/\/aprecisa.com\/goa\/offerings\/"},"modified":"2025-06-13T20:08:40","modified_gmt":"2025-06-13T20:08:40","slug":"offerings","status":"publish","type":"page","link":"https:\/\/aprecisa.com\/goa\/offerings\/","title":{"rendered":"Publica\u00e7\u00f5es"},"content":{"rendered":"\n<div class=\"wp-block-uagb-container uagb-block-2a911720 alignfull uagb-is-root-container\"><div class=\"uagb-container-inner-blocks-wrap\">\n<div class=\"wp-block-uagb-advanced-heading uagb-block-37007e46\"><h1 class=\"uagb-heading-text\">Publica\u00e7\u00f5es  <\/h1><\/div>\n\n\n\n<p><\/p>\n\n\n\n<p class=\"has-text-align-center has-medium-font-size\">Associa\u00e7\u00e3o Gr\u00e3 Ordem Afonsina<\/p>\n\n\n\n<p><\/p>\n<\/div><\/div>\n\n\n\n<div class=\"wp-block-uagb-container uagb-block-6b0a45b6 alignfull uagb-is-root-container\"><div class=\"uagb-container-inner-blocks-wrap\">\n<div class=\"wp-block-uagb-container uagb-block-83bd379f\">\n<div class=\"wp-block-uagb-container uagb-block-3f003211\">\n<div class=\"wp-block-uagb-info-box uagb-block-5a6a3882 uagb-infobox__content-wrap  uagb-infobox-icon-above-title uagb-infobox-image-valign-top\"><div class=\"uagb-ifb-content\"><div class=\"uagb-ifb-title-wrap\"><p class=\"uagb-ifb-title-prefix\">01<\/p><h2 class=\"uagb-ifb-title\">Artigos Informativos<\/h2><\/div><p class=\"uagb-ifb-desc\">Os artigos informativos do Gr\u00e3 Ordem Afonsina oferecem uma an\u00e1lise detalhada da sua atividade, figuras not\u00e1veis e tradi\u00e7\u00f5es culturais. Cada texto \u00e9 cuidadosamente investigado, proporcionando um entendimento profundo sobre o legado portugu\u00eas com a sua centralidade na vida e obra de Afonso Henriques, o primeiro Portugu\u00eas.<\/p><\/div><\/div>\n<\/div>\n\n\n\n<div class=\"wp-block-uagb-image alignright uagb-block-32ab58fe wp-block-uagb-image--layout-default wp-block-uagb-image--effect-static wp-block-uagb-image--align-right\"><figure class=\"wp-block-uagb-image__figure\"><img decoding=\"async\" srcset=\"https:\/\/aprecisa.com\/goa\/wp-content\/uploads\/2025\/04\/20250426-GOA-Sao-Lazaro-1-1-768x1024.jpeg ,https:\/\/aprecisa.com\/goa\/wp-content\/uploads\/2025\/04\/20250426-GOA-Sao-Lazaro-1-1.jpeg 780w, https:\/\/aprecisa.com\/goa\/wp-content\/uploads\/2025\/04\/20250426-GOA-Sao-Lazaro-1-1.jpeg 360w\" sizes=\"auto, (max-width: 480px) 150px\" src=\"https:\/\/aprecisa.com\/goa\/wp-content\/uploads\/2025\/04\/20250426-GOA-Sao-Lazaro-1-1-768x1024.jpeg\" alt=\"\" class=\"uag-image-1527\" width=\"270\" height=\"351\" title=\"20250426 - GOA - Sa\u0303o Lazaro\" loading=\"lazy\" role=\"img\"\/><\/figure><\/div>\n<\/div>\n\n\n\n<div class=\"wp-block-uagb-container uagb-block-5b0063ce\">\n<div class=\"wp-block-uagb-image alignleft uagb-block-fcfcefd9 wp-block-uagb-image--layout-default wp-block-uagb-image--effect-static wp-block-uagb-image--align-left\"><figure class=\"wp-block-uagb-image__figure\"><img decoding=\"async\" srcset=\"https:\/\/aprecisa.com\/goa\/wp-content\/uploads\/2025\/04\/20250426-GOA-Portugal-1-2-789x1024.jpeg ,https:\/\/aprecisa.com\/goa\/wp-content\/uploads\/2025\/04\/20250426-GOA-Portugal-1-2.jpeg 780w, https:\/\/aprecisa.com\/goa\/wp-content\/uploads\/2025\/04\/20250426-GOA-Portugal-1-2.jpeg 360w\" sizes=\"auto, (max-width: 480px) 150px\" src=\"https:\/\/aprecisa.com\/goa\/wp-content\/uploads\/2025\/04\/20250426-GOA-Portugal-1-2-789x1024.jpeg\" alt=\"\" class=\"uag-image-1531\" width=\"337\" height=\"380\" title=\"20250426 - GOA - Portugal\" loading=\"lazy\" role=\"img\"\/><\/figure><\/div>\n\n\n\n<div class=\"wp-block-uagb-container uagb-block-8e8be07f\">\n<div class=\"wp-block-uagb-info-box uagb-block-bb00902d uagb-infobox__content-wrap  uagb-infobox-icon-above-title uagb-infobox-image-valign-top\"><div class=\"uagb-ifb-content\"><div class=\"uagb-ifb-title-wrap\"><p class=\"uagb-ifb-title-prefix\">02<\/p><h2 class=\"uagb-ifb-title\">Conte\u00fado Cultural (Eventos)<\/h2><\/div><p class=\"uagb-ifb-desc\">O Nosso conte\u00fado cultural abrange pr\u00e1ticas modernas e antigas que definem a identidade portuguesa. Desde festivais regionais a costumes di\u00e1rios, os leitores podem vivenciar a diversidade cultural que enriquece o nosso pa\u00eds que nasceu em Guimar\u00e3es.<\/p><\/div><\/div>\n<\/div>\n<\/div>\n\n\n\n<div class=\"wp-block-uagb-container uagb-block-6144972b\">\n<div class=\"wp-block-uagb-container uagb-block-37e0bb2e\">\n<div class=\"wp-block-uagb-info-box uagb-block-10411b91 uagb-infobox__content-wrap  uagb-infobox-icon-above-title uagb-infobox-image-valign-top\"><div class=\"uagb-ifb-content\"><div class=\"uagb-ifb-title-wrap\"><p class=\"uagb-ifb-title-prefix\">03<\/p><h2 class=\"uagb-ifb-title\">Pesquisa Cient\u00edfica dos nossos Associados<\/h2><\/div><p class=\"uagb-ifb-desc\">A pesquisa cient\u00edfica no Gr\u00e3 Ordem Afonsina \u00e9 feita por especialistas dedicados e pelos nossos Associados. Investigamos documentos, fontes prim\u00e1rias e an\u00e1lises acad\u00e9micas para oferecer uma vis\u00e3o precisa da vida e obra de Afonso Henriques e a sua consequente evolu\u00e7\u00e3o revelada por tradi\u00e7\u00f5es que fazem o Portugal de hoje.<\/p><\/div><\/div>\n<\/div>\n\n\n\n<div class=\"wp-block-uagb-image alignright uagb-block-94ca89bf wp-block-uagb-image--layout-overlay wp-block-uagb-image--effect-static wp-block-uagb-image--align-right\"><figure class=\"wp-block-uagb-image__figure\"><img decoding=\"async\" srcset=\"https:\/\/aprecisa.com\/goa\/wp-content\/uploads\/2025\/05\/20250507-Aqui-nasceu-Guimaraes-.png ,https:\/\/aprecisa.com\/goa\/wp-content\/uploads\/2025\/05\/20250507-Aqui-nasceu-Guimaraes-.png 780w, https:\/\/aprecisa.com\/goa\/wp-content\/uploads\/2025\/05\/20250507-Aqui-nasceu-Guimaraes-.png 360w\" sizes=\"auto, (max-width: 480px) 150px\" src=\"https:\/\/aprecisa.com\/goa\/wp-content\/uploads\/2025\/05\/20250507-Aqui-nasceu-Guimaraes-.png\" alt=\"\" class=\"uag-image-1629\" width=\"542\" height=\"340\" title=\"\" loading=\"lazy\" role=\"presentation\"\/><div class=\"wp-block-uagb-image--layout-overlay__color-wrapper\"><\/div><div class=\"wp-block-uagb-image--layout-overlay__inner center-center\"><\/div><\/figure><\/div>\n<\/div>\n\n\n\n<div class=\"wp-block-uagb-container uagb-block-299c1865\">\n<div class=\"wp-block-uagb-image alignleft uagb-block-f4013f1e wp-block-uagb-image--layout-default wp-block-uagb-image--effect-static wp-block-uagb-image--align-left\"><figure class=\"wp-block-uagb-image__figure\"><img decoding=\"async\" srcset=\"https:\/\/aprecisa.com\/goa\/wp-content\/uploads\/2025\/04\/20250426-GOA-A-Carta-Via-Regis-2--768x1024.jpeg ,https:\/\/aprecisa.com\/goa\/wp-content\/uploads\/2025\/04\/20250426-GOA-A-Carta-Via-Regis-2-.jpeg 780w, https:\/\/aprecisa.com\/goa\/wp-content\/uploads\/2025\/04\/20250426-GOA-A-Carta-Via-Regis-2-.jpeg 360w\" sizes=\"auto, (max-width: 480px) 150px\" src=\"https:\/\/aprecisa.com\/goa\/wp-content\/uploads\/2025\/04\/20250426-GOA-A-Carta-Via-Regis-2--768x1024.jpeg\" alt=\"\" class=\"uag-image-1534\" width=\"276\" height=\"380\" title=\"20250426 - GOA - A Carta Via Regis 2\" loading=\"lazy\" role=\"img\"\/><\/figure><\/div>\n\n\n\n<div class=\"wp-block-uagb-container uagb-block-0fd7333b\">\n<div class=\"wp-block-uagb-info-box uagb-block-27516f08 uagb-infobox__content-wrap  uagb-infobox-icon-above-title uagb-infobox-image-valign-top\"><div class=\"uagb-ifb-content\"><div class=\"uagb-ifb-title-wrap\"><p class=\"uagb-ifb-title-prefix\">04<\/p><h2 class=\"uagb-ifb-title\">Colabora\u00e7\u00e3o e Eventos<\/h2><\/div><p class=\"uagb-ifb-desc\">Promovemos eventos colaborativos que nos unem na cultura Portuguesa que teve in\u00edcio em Guimar\u00e3es a 24 de Junho de 1128. A partilha de ideias e experi\u00eancias como enriquecimento do nosso entendimento coletivo da Portugalidade.<\/p><\/div><\/div>\n<\/div>\n<\/div>\n<\/div><\/div>\n\n\n\n<div class=\"wp-block-uagb-container uagb-block-43f78ea6 alignfull uagb-is-root-container\"><div class=\"uagb-container-inner-blocks-wrap\">\n<div class=\"wp-block-uagb-info-box uagb-block-52cbc377 uagb-infobox__content-wrap  uagb-infobox-icon-above-title uagb-infobox-image-valign-top\"><div class=\"uagb-ifb-content\"><div class=\"uagb-ifb-title-wrap\"><h2 class=\"uagb-ifb-title\">Junte-se a N\u00f3s<\/h2><\/div><p class=\"uagb-ifb-desc\">Descubra a nossa Portugalidade, participe na nossa comunidade dos associados da Gr\u00e3 Ordem Afonsina.<\/p><\/div><\/div>\n\n\n\n<div class=\"wp-block-uagb-buttons uagb-buttons__outer-wrap uagb-btn__default-btn uagb-btn-tablet__default-btn uagb-btn-mobile__default-btn uagb-block-f4d2bfe9\"><div class=\"uagb-buttons__wrap uagb-buttons-layout-wrap \">\n<div class=\"wp-block-uagb-buttons-child uagb-buttons__outer-wrap uagb-block-1b3b52ed wp-block-button\"><div class=\"uagb-button__wrapper\"><a class=\"uagb-buttons-repeater wp-block-button__link\" aria-label=\"\" href=\"https:\/\/aprecisa.com\/goa\/contact-us\/\" rel=\"follow noopener\" target=\"_self\" role=\"button\"><div class=\"uagb-button__link\">Saiba Mais<\/div><\/a><\/div><\/div>\n<\/div><\/div>\n<\/div><\/div>\n","protected":false},"excerpt":{"rendered":"<p>Publica\u00e7\u00f5es Associa\u00e7\u00e3o Gr\u00e3 Ordem Afonsina<\/p>\n","protected":false},"author":1,"featured_media":0,"parent":0,"menu_order":0,"comment_status":"closed","ping_status":"closed","template":"","meta":{"_uag_custom_page_level_css":"","site-sidebar-layout":"default","site-content-layout":"","ast-site-content-layout":"default","site-content-style":"default","site-sidebar-style":"default","ast-global-header-display":"","ast-banner-title-visibility":"","ast-main-header-display":"","ast-hfb-above-header-display":"","ast-hfb-below-header-display":"","ast-hfb-mobile-header-display":"","site-post-title":"disabled","ast-breadcrumbs-content":"","ast-featured-img":"","footer-sml-layout":"","ast-disable-related-posts":"","theme-transparent-header-meta":"","adv-header-id-meta":"","stick-header-meta":"","header-above-stick-meta":"","header-main-stick-meta":"","header-below-stick-meta":"","astra-migrate-meta-layouts":"set","ast-page-background-enabled":"default","ast-page-background-meta":{"desktop":{"background-color":"var(--ast-global-color-4)","background-image":"","background-repeat":"repeat","background-position":"center center","background-size":"auto","background-attachment":"scroll","background-type":"","background-media":"","overlay-type":"","overlay-color":"","overlay-opacity":"","overlay-gradient":""},"tablet":{"background-color":"","background-image":"","background-repeat":"repeat","background-position":"center center","background-size":"auto","background-attachment":"scroll","background-type":"","background-media":"","overlay-type":"","overlay-color":"","overlay-opacity":"","overlay-gradient":""},"mobile":{"background-color":"","background-image":"","background-repeat":"repeat","background-position":"center center","background-size":"auto","background-attachment":"scroll","background-type":"","background-media":"","overlay-type":"","overlay-color":"","overlay-opacity":"","overlay-gradient":""}},"ast-content-background-meta":{"desktop":{"background-color":"var(--ast-global-color-5)","background-image":"","background-repeat":"repeat","background-position":"center center","background-size":"auto","background-attachment":"scroll","background-type":"","background-media":"","overlay-type":"","overlay-color":"","overlay-opacity":"","overlay-gradient":""},"tablet":{"background-color":"var(--ast-global-color-5)","background-image":"","background-repeat":"repeat","background-position":"center center","background-size":"auto","background-attachment":"scroll","background-type":"","background-media":"","overlay-type":"","overlay-color":"","overlay-opacity":"","overlay-gradient":""},"mobile":{"background-color":"var(--ast-global-color-5)","background-image":"","background-repeat":"repeat","background-position":"center center","background-size":"auto","background-attachment":"scroll","background-type":"","background-media":"","overlay-type":"","overlay-color":"","overlay-opacity":"","overlay-gradient":""}},"footnotes":""},"class_list":["post-1333","page","type-page","status-publish","hentry"],"yoast_head":"<!-- This site is optimized with the Yoast SEO plugin v27.6 - https:\/\/yoast.com\/product\/yoast-seo-wordpress\/ -->\n<title>Publica\u00e7\u00f5es - Associa\u00e7\u00e3o Gr\u00e3 Ordem Afonsina<\/title>\n<meta name=\"robots\" content=\"index, follow, max-snippet:-1, max-image-preview:large, max-video-preview:-1\" \/>\n<link rel=\"canonical\" href=\"https:\/\/aprecisa.com\/goa\/offerings\/\" \/>\n<meta property=\"og:locale\" content=\"pt_PT\" \/>\n<meta property=\"og:type\" content=\"article\" \/>\n<meta property=\"og:title\" content=\"Publica\u00e7\u00f5es - Associa\u00e7\u00e3o Gr\u00e3 Ordem Afonsina\" \/>\n<meta property=\"og:description\" content=\"Publica\u00e7\u00f5es Associa\u00e7\u00e3o Gr\u00e3 Ordem Afonsina\" \/>\n<meta property=\"og:url\" content=\"https:\/\/aprecisa.com\/goa\/offerings\/\" \/>\n<meta property=\"og:site_name\" content=\"Associa\u00e7\u00e3o Gr\u00e3 Ordem Afonsina\" \/>\n<meta property=\"article:modified_time\" content=\"2025-06-13T20:08:40+00:00\" \/>\n<meta property=\"og:image\" content=\"https:\/\/aprecisa.com\/goa\/wp-content\/uploads\/2025\/04\/20250426-GOA-Sao-Lazaro-1-1-768x1024.jpeg\" \/>\n<meta name=\"twitter:card\" content=\"summary_large_image\" \/>\n<meta name=\"twitter:label1\" content=\"Tempo estimado de leitura\" \/>\n\t<meta name=\"twitter:data1\" content=\"2 minutos\" \/>\n<script type=\"application\/ld+json\" class=\"yoast-schema-graph\">{\"@context\":\"https:\\\/\\\/schema.org\",\"@graph\":[{\"@type\":\"WebPage\",\"@id\":\"https:\\\/\\\/aprecisa.com\\\/goa\\\/offerings\\\/\",\"url\":\"https:\\\/\\\/aprecisa.com\\\/goa\\\/offerings\\\/\",\"name\":\"Publica\u00e7\u00f5es - Associa\u00e7\u00e3o Gr\u00e3 Ordem Afonsina\",\"isPartOf\":{\"@id\":\"https:\\\/\\\/aprecisa.com\\\/goa\\\/#website\"},\"primaryImageOfPage\":{\"@id\":\"https:\\\/\\\/aprecisa.com\\\/goa\\\/offerings\\\/#primaryimage\"},\"image\":{\"@id\":\"https:\\\/\\\/aprecisa.com\\\/goa\\\/offerings\\\/#primaryimage\"},\"thumbnailUrl\":\"https:\\\/\\\/aprecisa.com\\\/goa\\\/wp-content\\\/uploads\\\/2025\\\/04\\\/20250426-GOA-Sao-Lazaro-1-1-768x1024.jpeg\",\"datePublished\":\"2025-04-15T18:20:44+00:00\",\"dateModified\":\"2025-06-13T20:08:40+00:00\",\"breadcrumb\":{\"@id\":\"https:\\\/\\\/aprecisa.com\\\/goa\\\/offerings\\\/#breadcrumb\"},\"inLanguage\":\"pt-PT\",\"potentialAction\":[{\"@type\":\"ReadAction\",\"target\":[\"https:\\\/\\\/aprecisa.com\\\/goa\\\/offerings\\\/\"]}]},{\"@type\":\"ImageObject\",\"inLanguage\":\"pt-PT\",\"@id\":\"https:\\\/\\\/aprecisa.com\\\/goa\\\/offerings\\\/#primaryimage\",\"url\":\"https:\\\/\\\/aprecisa.com\\\/goa\\\/wp-content\\\/uploads\\\/2025\\\/04\\\/20250426-GOA-Sao-Lazaro-1-1-768x1024.jpeg\",\"contentUrl\":\"https:\\\/\\\/aprecisa.com\\\/goa\\\/wp-content\\\/uploads\\\/2025\\\/04\\\/20250426-GOA-Sao-Lazaro-1-1-768x1024.jpeg\"},{\"@type\":\"BreadcrumbList\",\"@id\":\"https:\\\/\\\/aprecisa.com\\\/goa\\\/offerings\\\/#breadcrumb\",\"itemListElement\":[{\"@type\":\"ListItem\",\"position\":1,\"name\":\"Home\",\"item\":\"https:\\\/\\\/aprecisa.com\\\/goa\\\/\"},{\"@type\":\"ListItem\",\"position\":2,\"name\":\"Publica\u00e7\u00f5es\"}]},{\"@type\":\"WebSite\",\"@id\":\"https:\\\/\\\/aprecisa.com\\\/goa\\\/#website\",\"url\":\"https:\\\/\\\/aprecisa.com\\\/goa\\\/\",\"name\":\"Associa\u00e7\u00e3o Gr\u00e3 Ordem Afonsina\",\"description\":\"Associa\u00e7\u00e3o Gr\u00e3 Ordem Afonsina\",\"publisher\":{\"@id\":\"https:\\\/\\\/aprecisa.com\\\/goa\\\/#organization\"},\"potentialAction\":[{\"@type\":\"SearchAction\",\"target\":{\"@type\":\"EntryPoint\",\"urlTemplate\":\"https:\\\/\\\/aprecisa.com\\\/goa\\\/?s={search_term_string}\"},\"query-input\":{\"@type\":\"PropertyValueSpecification\",\"valueRequired\":true,\"valueName\":\"search_term_string\"}}],\"inLanguage\":\"pt-PT\"},{\"@type\":\"Organization\",\"@id\":\"https:\\\/\\\/aprecisa.com\\\/goa\\\/#organization\",\"name\":\"Associa\u00e7\u00e3o Gr\u00e3 Ordem Afonsina\",\"url\":\"https:\\\/\\\/aprecisa.com\\\/goa\\\/\",\"logo\":{\"@type\":\"ImageObject\",\"inLanguage\":\"pt-PT\",\"@id\":\"https:\\\/\\\/aprecisa.com\\\/goa\\\/#\\\/schema\\\/logo\\\/image\\\/\",\"url\":\"https:\\\/\\\/aprecisa.com\\\/goa\\\/wp-content\\\/uploads\\\/2025\\\/05\\\/cropped-20250509-Logotipo-GOA.png\",\"contentUrl\":\"https:\\\/\\\/aprecisa.com\\\/goa\\\/wp-content\\\/uploads\\\/2025\\\/05\\\/cropped-20250509-Logotipo-GOA.png\",\"width\":123,\"height\":137,\"caption\":\"Associa\u00e7\u00e3o Gr\u00e3 Ordem Afonsina\"},\"image\":{\"@id\":\"https:\\\/\\\/aprecisa.com\\\/goa\\\/#\\\/schema\\\/logo\\\/image\\\/\"}}]}<\/script>\n<!-- \/ Yoast SEO plugin. -->","yoast_head_json":{"title":"Publica\u00e7\u00f5es - Associa\u00e7\u00e3o Gr\u00e3 Ordem Afonsina","robots":{"index":"index","follow":"follow","max-snippet":"max-snippet:-1","max-image-preview":"max-image-preview:large","max-video-preview":"max-video-preview:-1"},"canonical":"https:\/\/aprecisa.com\/goa\/offerings\/","og_locale":"pt_PT","og_type":"article","og_title":"Publica\u00e7\u00f5es - Associa\u00e7\u00e3o Gr\u00e3 Ordem Afonsina","og_description":"Publica\u00e7\u00f5es Associa\u00e7\u00e3o Gr\u00e3 Ordem Afonsina","og_url":"https:\/\/aprecisa.com\/goa\/offerings\/","og_site_name":"Associa\u00e7\u00e3o Gr\u00e3 Ordem Afonsina","article_modified_time":"2025-06-13T20:08:40+00:00","og_image":[{"url":"https:\/\/aprecisa.com\/goa\/wp-content\/uploads\/2025\/04\/20250426-GOA-Sao-Lazaro-1-1-768x1024.jpeg","type":"","width":"","height":""}],"twitter_card":"summary_large_image","twitter_misc":{"Tempo estimado de leitura":"2 minutos"},"schema":{"@context":"https:\/\/schema.org","@graph":[{"@type":"WebPage","@id":"https:\/\/aprecisa.com\/goa\/offerings\/","url":"https:\/\/aprecisa.com\/goa\/offerings\/","name":"Publica\u00e7\u00f5es - Associa\u00e7\u00e3o Gr\u00e3 Ordem Afonsina","isPartOf":{"@id":"https:\/\/aprecisa.com\/goa\/#website"},"primaryImageOfPage":{"@id":"https:\/\/aprecisa.com\/goa\/offerings\/#primaryimage"},"image":{"@id":"https:\/\/aprecisa.com\/goa\/offerings\/#primaryimage"},"thumbnailUrl":"https:\/\/aprecisa.com\/goa\/wp-content\/uploads\/2025\/04\/20250426-GOA-Sao-Lazaro-1-1-768x1024.jpeg","datePublished":"2025-04-15T18:20:44+00:00","dateModified":"2025-06-13T20:08:40+00:00","breadcrumb":{"@id":"https:\/\/aprecisa.com\/goa\/offerings\/#breadcrumb"},"inLanguage":"pt-PT","potentialAction":[{"@type":"ReadAction","target":["https:\/\/aprecisa.com\/goa\/offerings\/"]}]},{"@type":"ImageObject","inLanguage":"pt-PT","@id":"https:\/\/aprecisa.com\/goa\/offerings\/#primaryimage","url":"https:\/\/aprecisa.com\/goa\/wp-content\/uploads\/2025\/04\/20250426-GOA-Sao-Lazaro-1-1-768x1024.jpeg","contentUrl":"https:\/\/aprecisa.com\/goa\/wp-content\/uploads\/2025\/04\/20250426-GOA-Sao-Lazaro-1-1-768x1024.jpeg"},{"@type":"BreadcrumbList","@id":"https:\/\/aprecisa.com\/goa\/offerings\/#breadcrumb","itemListElement":[{"@type":"ListItem","position":1,"name":"Home","item":"https:\/\/aprecisa.com\/goa\/"},{"@type":"ListItem","position":2,"name":"Publica\u00e7\u00f5es"}]},{"@type":"WebSite","@id":"https:\/\/aprecisa.com\/goa\/#website","url":"https:\/\/aprecisa.com\/goa\/","name":"Associa\u00e7\u00e3o Gr\u00e3 Ordem Afonsina","description":"Associa\u00e7\u00e3o Gr\u00e3 Ordem Afonsina","publisher":{"@id":"https:\/\/aprecisa.com\/goa\/#organization"},"potentialAction":[{"@type":"SearchAction","target":{"@type":"EntryPoint","urlTemplate":"https:\/\/aprecisa.com\/goa\/?s={search_term_string}"},"query-input":{"@type":"PropertyValueSpecification","valueRequired":true,"valueName":"search_term_string"}}],"inLanguage":"pt-PT"},{"@type":"Organization","@id":"https:\/\/aprecisa.com\/goa\/#organization","name":"Associa\u00e7\u00e3o Gr\u00e3 Ordem Afonsina","url":"https:\/\/aprecisa.com\/goa\/","logo":{"@type":"ImageObject","inLanguage":"pt-PT","@id":"https:\/\/aprecisa.com\/goa\/#\/schema\/logo\/image\/","url":"https:\/\/aprecisa.com\/goa\/wp-content\/uploads\/2025\/05\/cropped-20250509-Logotipo-GOA.png","contentUrl":"https:\/\/aprecisa.com\/goa\/wp-content\/uploads\/2025\/05\/cropped-20250509-Logotipo-GOA.png","width":123,"height":137,"caption":"Associa\u00e7\u00e3o Gr\u00e3 Ordem Afonsina"},"image":{"@id":"https:\/\/aprecisa.com\/goa\/#\/schema\/logo\/image\/"}}]}},"uagb_featured_image_src":{"full":false,"thumbnail":false,"medium":false,"medium_large":false,"large":false,"1536x1536":false,"2048x2048":false},"uagb_author_info":{"display_name":"admin","author_link":"https:\/\/aprecisa.com\/goa\/author\/admin\/"},"uagb_comment_info":0,"uagb_excerpt":"Publica\u00e7\u00f5es Associa\u00e7\u00e3o Gr\u00e3 Ordem Afonsina","jetpack_sharing_enabled":true,"_links":{"self":[{"href":"https:\/\/aprecisa.com\/goa\/wp-json\/wp\/v2\/pages\/1333","targetHints":{"allow":["GET"]}}],"collection":[{"href":"https:\/\/aprecisa.com\/goa\/wp-json\/wp\/v2\/pages"}],"about":[{"href":"https:\/\/aprecisa.com\/goa\/wp-json\/wp\/v2\/types\/page"}],"author":[{"embeddable":true,"href":"https:\/\/aprecisa.com\/goa\/wp-json\/wp\/v2\/users\/1"}],"replies":[{"embeddable":true,"href":"https:\/\/aprecisa.com\/goa\/wp-json\/wp\/v2\/comments?post=1333"}],"version-history":[{"count":25,"href":"https:\/\/aprecisa.com\/goa\/wp-json\/wp\/v2\/pages\/1333\/revisions"}],"predecessor-version":[{"id":1974,"href":"https:\/\/aprecisa.com\/goa\/wp-json\/wp\/v2\/pages\/1333\/revisions\/1974"}],"wp:attachment":[{"href":"https:\/\/aprecisa.com\/goa\/wp-json\/wp\/v2\/media?parent=1333"}],"curies":[{"name":"wp","href":"https:\/\/api.w.org\/{rel}","templated":true}]}}